{"id":3828,"date":"2025-10-06T22:32:27","date_gmt":"2025-10-06T14:32:27","guid":{"rendered":"https:\/\/www.ryagroparts.com\/?post_type=product&#038;p=3828"},"modified":"2025-10-06T23:40:57","modified_gmt":"2025-10-06T15:40:57","slug":"eje-del-rodillo-de-alimentacion-de-la-serie-9-copy","status":"publish","type":"product","link":"https:\/\/www.ryagroparts.com\/es\/producto\/eje-del-rodillo-de-alimentacion-de-la-serie-9-copy\/","title":{"rendered":"Rodillo de alimentaci\u00f3n trasero superior de la serie 9"},"content":{"rendered":"<p data-start=\"34\" data-end=\"237\">La <strong data-start=\"38\" data-end=\"71\">pieza de repuesto<\/strong> del rodillo de alimentaci\u00f3n trasero superior de la serie Claas 9 es un producto de posventa de alta calidad dise\u00f1ado para la clase. Fabricado con materiales duraderos y confiables, garantiza un excelente rendimiento y una larga vida \u00fatil. <\/p>\n<p data-start=\"239\" data-end=\"342\">Este producto es compatible con las m\u00e1quinas de placa de rodillo de alimentaci\u00f3n superior y trasera de la serie Claas 9 y hace referencias cruzadas de los siguientes c\u00f3digos OEM:<\/p>\n<ul data-start=\"344\" data-end=\"388\">\n<li data-start=\"344\" data-end=\"358\">\n<p data-start=\"346\" data-end=\"358\">9863261<\/p>\n<\/li>\n<li data-start=\"344\" data-end=\"358\">9863260<\/li>\n<li data-start=\"344\" data-end=\"358\">13248910<\/li>\n<\/ul>\n<p data-start=\"390\" data-end=\"532\">\u26a0\ufe0f <strong data-start=\"393\" data-end=\"401\">Nota<\/strong>: [Clase] \u00ae es una marca registrada. Los n\u00fameros de pieza son solo para referencia y compatibilidad. Esta no es una pieza OEM original.  <\/p>\n<p><script src=\"chrome-extension:\/\/fpelahbljekknahkcaegamhcndkfpfnc\/iFrame.js\" type=\"text\/javascript\"><\/script><\/p>\n<p><script src=\"chrome-extension:\/\/fpelahbljekknahkcaegamhcndkfpfnc\/iFrame.js\" type=\"text\/javascript\"><\/script><\/p>\n<p><script src=\"chrome-extension:\/\/fpelahbljekknahkcaegamhcndkfpfnc\/iFrame.js\" type=\"text\/javascript\"><\/script><\/p>\n","protected":false},"excerpt":{"rendered":"<p data-start=\"34\" data-end=\"237\">La <strong data-start=\"38\" data-end=\"71\">pieza de repuesto<\/strong> del rodillo de alimentaci\u00f3n trasero superior de la serie Claas 9 es un producto de posventa de alta calidad dise\u00f1ado para la clase. Fabricado con materiales duraderos y confiables, garantiza un excelente rendimiento y una larga vida \u00fatil. <\/p>\n<p data-start=\"239\" data-end=\"342\">Este producto es compatible con las m\u00e1quinas de placa de rodillo de alimentaci\u00f3n superior y trasera de la serie Claas 9 y hace referencias cruzadas de los siguientes c\u00f3digos OEM:<\/p>\n<ul data-start=\"344\" data-end=\"388\">\n<li data-start=\"344\" data-end=\"358\">\n<p data-start=\"346\" data-end=\"358\">9863261<\/p>\n<\/li>\n<li data-start=\"344\" data-end=\"358\">9863260<\/li>\n<li data-start=\"344\" data-end=\"358\">13248910<\/li>\n<\/ul>\n<p data-start=\"390\" data-end=\"532\">\u26a0\ufe0f <strong data-start=\"393\" data-end=\"401\">Nota<\/strong>: [Clase] \u00ae es una marca registrada. Los n\u00fameros de pieza son solo para referencia y compatibilidad. Esta no es una pieza OEM original.  <\/p>\n<p><script src=\"chrome-extension:\/\/fpelahbljekknahkcaegamhcndkfpfnc\/iFrame.js\" type=\"text\/javascript\"><\/script><\/p>\n<p><script src=\"chrome-extension:\/\/fpelahbljekknahkcaegamhcndkfpfnc\/iFrame.js\" type=\"text\/javascript\"><\/script><\/p>\n","protected":false},"featured_media":3834,"comment_status":"open","ping_status":"closed","template":"","meta":{"_acf_changed":false},"product_brand":[],"product_cat":[81,68],"product_tag":[],"class_list":{"0":"post-3828","1":"product","2":"type-product","3":"status-publish","4":"has-post-thumbnail","6":"product_cat-claas-es","7":"product_cat-sin-categoria","9":"first","10":"instock","11":"shipping-taxable","12":"product-type-simple"},"acf":[],"_links":{"self":[{"href":"https:\/\/www.ryagroparts.com\/es\/wp-json\/wp\/v2\/product\/3828","targetHints":{"allow":["GET"]}}],"collection":[{"href":"https:\/\/www.ryagroparts.com\/es\/wp-json\/wp\/v2\/product"}],"about":[{"href":"https:\/\/www.ryagroparts.com\/es\/wp-json\/wp\/v2\/types\/product"}],"replies":[{"embeddable":true,"href":"https:\/\/www.ryagroparts.com\/es\/wp-json\/wp\/v2\/comments?post=3828"}],"version-history":[{"count":4,"href":"https:\/\/www.ryagroparts.com\/es\/wp-json\/wp\/v2\/product\/3828\/revisions"}],"predecessor-version":[{"id":3953,"href":"https:\/\/www.ryagroparts.com\/es\/wp-json\/wp\/v2\/product\/3828\/revisions\/3953"}],"wp:featuredmedia":[{"embeddable":true,"href":"https:\/\/www.ryagroparts.com\/es\/wp-json\/wp\/v2\/media\/3834"}],"wp:attachment":[{"href":"https:\/\/www.ryagroparts.com\/es\/wp-json\/wp\/v2\/media?parent=3828"}],"wp:term":[{"taxonomy":"product_brand","embeddable":true,"href":"https:\/\/www.ryagroparts.com\/es\/wp-json\/wp\/v2\/product_brand?post=3828"},{"taxonomy":"product_cat","embeddable":true,"href":"https:\/\/www.ryagroparts.com\/es\/wp-json\/wp\/v2\/product_cat?post=3828"},{"taxonomy":"product_tag","embeddable":true,"href":"https:\/\/www.ryagroparts.com\/es\/wp-json\/wp\/v2\/product_tag?post=3828"}],"curies":[{"name":"wp","href":"https:\/\/api.w.org\/{rel}","templated":true}]}}