{"id":3897,"date":"2025-10-06T23:07:50","date_gmt":"2025-10-06T15:07:50","guid":{"rendered":"https:\/\/www.ryagroparts.com\/?post_type=product&#038;p=3897"},"modified":"2025-10-06T23:11:57","modified_gmt":"2025-10-06T15:11:57","slug":"rodillo-de-alimentacion-frontal-inferior-copy-3","status":"publish","type":"product","link":"https:\/\/www.ryagroparts.com\/es\/producto\/rodillo-de-alimentacion-frontal-inferior-copy-3\/","title":{"rendered":"Rodillo de alimentaci\u00f3n trasero superior"},"content":{"rendered":"<p data-start=\"34\" data-end=\"237\">La <strong data-start=\"38\" data-end=\"71\">pieza de repuesto<\/strong> del rodillo de alimentaci\u00f3n trasero superior de New Holland es un producto de posventa de alta calidad dise\u00f1ado para New Holland. Fabricado con materiales duraderos y confiables, garantiza un excelente rendimiento y una larga vida \u00fatil. <\/p>\n<p data-start=\"239\" data-end=\"342\">Este producto es compatible con las m\u00e1quinas de placa de rodillo de alimentaci\u00f3n trasera superior de New Holland y hace referencia cruzada a los siguientes c\u00f3digos OEM:<\/p>\n<ul data-start=\"344\" data-end=\"388\">\n<li data-start=\"344\" data-end=\"358\">\n<p data-start=\"346\" data-end=\"358\">86635935<\/p>\n<\/li>\n<\/ul>\n<p data-start=\"390\" data-end=\"532\">\u26a0\ufe0f <strong data-start=\"393\" data-end=\"401\">Nota<\/strong>: [New Holland] \u00ae es una marca registrada. Los n\u00fameros de pieza son solo para referencia y compatibilidad. Esta no es una pieza OEM original.  <\/p>\n<p><script src=\"chrome-extension:\/\/fpelahbljekknahkcaegamhcndkfpfnc\/iFrame.js\" type=\"text\/javascript\"><\/script><\/p>\n","protected":false},"excerpt":{"rendered":"<p data-start=\"34\" data-end=\"237\">La <strong data-start=\"38\" data-end=\"71\">pieza de repuesto<\/strong> del rodillo de alimentaci\u00f3n trasero superior de New Holland es un producto de posventa de alta calidad dise\u00f1ado para New Holland. Fabricado con materiales duraderos y confiables, garantiza un excelente rendimiento y una larga vida \u00fatil. <\/p>\n<p data-start=\"239\" data-end=\"342\">Este producto es compatible con las m\u00e1quinas de placa de rodillo de alimentaci\u00f3n trasera superior de New Holland y hace referencia cruzada a los siguientes c\u00f3digos OEM:<\/p>\n<ul data-start=\"344\" data-end=\"388\">\n<li data-start=\"344\" data-end=\"358\">\n<p data-start=\"346\" data-end=\"358\">86635935<\/p>\n<\/li>\n<\/ul>\n<p data-start=\"390\" data-end=\"532\">\u26a0\ufe0f <strong data-start=\"393\" data-end=\"401\">Nota<\/strong>: [New Holland] \u00ae es una marca registrada. Los n\u00fameros de pieza son solo para referencia y compatibilidad. Esta no es una pieza OEM original.  <\/p>\n<p><script src=\"chrome-extension:\/\/fpelahbljekknahkcaegamhcndkfpfnc\/iFrame.js\" type=\"text\/javascript\"><\/script><\/p>\n","protected":false},"featured_media":3903,"comment_status":"open","ping_status":"closed","template":"","meta":{"_acf_changed":false},"product_brand":[],"product_cat":[92,68],"product_tag":[],"class_list":{"0":"post-3897","1":"product","2":"type-product","3":"status-publish","4":"has-post-thumbnail","6":"product_cat-nueva-holanda","7":"product_cat-sin-categoria","9":"first","10":"instock","11":"shipping-taxable","12":"product-type-simple"},"acf":[],"_links":{"self":[{"href":"https:\/\/www.ryagroparts.com\/es\/wp-json\/wp\/v2\/product\/3897","targetHints":{"allow":["GET"]}}],"collection":[{"href":"https:\/\/www.ryagroparts.com\/es\/wp-json\/wp\/v2\/product"}],"about":[{"href":"https:\/\/www.ryagroparts.com\/es\/wp-json\/wp\/v2\/types\/product"}],"replies":[{"embeddable":true,"href":"https:\/\/www.ryagroparts.com\/es\/wp-json\/wp\/v2\/comments?post=3897"}],"version-history":[{"count":2,"href":"https:\/\/www.ryagroparts.com\/es\/wp-json\/wp\/v2\/product\/3897\/revisions"}],"predecessor-version":[{"id":3908,"href":"https:\/\/www.ryagroparts.com\/es\/wp-json\/wp\/v2\/product\/3897\/revisions\/3908"}],"wp:featuredmedia":[{"embeddable":true,"href":"https:\/\/www.ryagroparts.com\/es\/wp-json\/wp\/v2\/media\/3903"}],"wp:attachment":[{"href":"https:\/\/www.ryagroparts.com\/es\/wp-json\/wp\/v2\/media?parent=3897"}],"wp:term":[{"taxonomy":"product_brand","embeddable":true,"href":"https:\/\/www.ryagroparts.com\/es\/wp-json\/wp\/v2\/product_brand?post=3897"},{"taxonomy":"product_cat","embeddable":true,"href":"https:\/\/www.ryagroparts.com\/es\/wp-json\/wp\/v2\/product_cat?post=3897"},{"taxonomy":"product_tag","embeddable":true,"href":"https:\/\/www.ryagroparts.com\/es\/wp-json\/wp\/v2\/product_tag?post=3897"}],"curies":[{"name":"wp","href":"https:\/\/api.w.org\/{rel}","templated":true}]}}