{"id":4969,"date":"2025-10-07T07:30:24","date_gmt":"2025-10-06T23:30:24","guid":{"rendered":"https:\/\/www.ryagroparts.com\/?post_type=product&#038;p=4969"},"modified":"2025-10-07T07:33:54","modified_gmt":"2025-10-06T23:33:54","slug":"unidad-de-cosecha-rotativa-460-puntos-divisores-lh-copy","status":"publish","type":"product","link":"https:\/\/www.ryagroparts.com\/es\/producto\/unidad-de-cosecha-rotativa-460-puntos-divisores-lh-copy\/","title":{"rendered":"460 Puntos divisores de la unidad de cosecha rotativa RH"},"content":{"rendered":"<p data-start=\"34\" data-end=\"237\">La pieza de <strong data-start=\"38\" data-end=\"71\">repuesto<\/strong> RH de la unidad de recolecci\u00f3n rotativa Champion 460 es un producto de posventa de alta calidad dise\u00f1ado para Champion. Fabricado con materiales duraderos y confiables, garantiza un excelente rendimiento y una larga vida \u00fatil. <\/p>\n<p data-start=\"239\" data-end=\"342\">Este producto es compatible con las m\u00e1quinas de placa derecha de puntos divisores de unidades de cosecha rotativa Champion 460 y hace referencias cruzadas a los siguientes c\u00f3digos OEM:<\/p>\n<ul data-start=\"344\" data-end=\"388\">\n<li data-start=\"344\" data-end=\"358\">LCA97978<\/li>\n<\/ul>\n<p data-start=\"390\" data-end=\"532\">\u26a0\ufe0f <strong data-start=\"393\" data-end=\"401\">Nota<\/strong>: [Champion] \u00ae es una marca registrada. Los n\u00fameros de pieza son solo para referencia y compatibilidad. Esta no es una pieza OEM original.  <\/p>\n<p><script src=\"chrome-extension:\/\/fpelahbljekknahkcaegamhcndkfpfnc\/iFrame.js\" type=\"text\/javascript\"><\/script><\/p>\n","protected":false},"excerpt":{"rendered":"<p data-start=\"34\" data-end=\"237\">La pieza de <strong data-start=\"38\" data-end=\"71\">repuesto<\/strong> RH de la unidad de recolecci\u00f3n rotativa Champion 460 es un producto de posventa de alta calidad dise\u00f1ado para Champion. Fabricado con materiales duraderos y confiables, garantiza un excelente rendimiento y una larga vida \u00fatil. <\/p>\n<p data-start=\"239\" data-end=\"342\">Este producto es compatible con las m\u00e1quinas de placa derecha de puntos divisores de unidades de cosecha rotativa Champion 460 y hace referencias cruzadas a los siguientes c\u00f3digos OEM:<\/p>\n<ul data-start=\"344\" data-end=\"388\">\n<li data-start=\"344\" data-end=\"358\">LCA97978<\/li>\n<\/ul>\n<p data-start=\"390\" data-end=\"532\">\u26a0\ufe0f <strong data-start=\"393\" data-end=\"401\">Nota<\/strong>: [Champion] \u00ae es una marca registrada. Los n\u00fameros de pieza son solo para referencia y compatibilidad. Esta no es una pieza OEM original.  <\/p>\n","protected":false},"featured_media":4978,"comment_status":"open","ping_status":"closed","template":"","meta":{"_acf_changed":false},"product_brand":[],"product_cat":[98,68],"product_tag":[],"class_list":{"0":"post-4969","1":"product","2":"type-product","3":"status-publish","4":"has-post-thumbnail","6":"product_cat-campeon-cabezazo","7":"product_cat-sin-categoria","9":"first","10":"instock","11":"shipping-taxable","12":"product-type-simple"},"acf":[],"_links":{"self":[{"href":"https:\/\/www.ryagroparts.com\/es\/wp-json\/wp\/v2\/product\/4969","targetHints":{"allow":["GET"]}}],"collection":[{"href":"https:\/\/www.ryagroparts.com\/es\/wp-json\/wp\/v2\/product"}],"about":[{"href":"https:\/\/www.ryagroparts.com\/es\/wp-json\/wp\/v2\/types\/product"}],"replies":[{"embeddable":true,"href":"https:\/\/www.ryagroparts.com\/es\/wp-json\/wp\/v2\/comments?post=4969"}],"version-history":[{"count":2,"href":"https:\/\/www.ryagroparts.com\/es\/wp-json\/wp\/v2\/product\/4969\/revisions"}],"predecessor-version":[{"id":4983,"href":"https:\/\/www.ryagroparts.com\/es\/wp-json\/wp\/v2\/product\/4969\/revisions\/4983"}],"wp:featuredmedia":[{"embeddable":true,"href":"https:\/\/www.ryagroparts.com\/es\/wp-json\/wp\/v2\/media\/4978"}],"wp:attachment":[{"href":"https:\/\/www.ryagroparts.com\/es\/wp-json\/wp\/v2\/media?parent=4969"}],"wp:term":[{"taxonomy":"product_brand","embeddable":true,"href":"https:\/\/www.ryagroparts.com\/es\/wp-json\/wp\/v2\/product_brand?post=4969"},{"taxonomy":"product_cat","embeddable":true,"href":"https:\/\/www.ryagroparts.com\/es\/wp-json\/wp\/v2\/product_cat?post=4969"},{"taxonomy":"product_tag","embeddable":true,"href":"https:\/\/www.ryagroparts.com\/es\/wp-json\/wp\/v2\/product_tag?post=4969"}],"curies":[{"name":"wp","href":"https:\/\/api.w.org\/{rel}","templated":true}]}}