{"id":2909,"date":"2025-08-17T23:08:43","date_gmt":"2025-08-17T15:08:43","guid":{"rendered":"https:\/\/www.ryagroparts.com\/?post_type=product&#038;p=2909"},"modified":"2025-08-30T23:19:54","modified_gmt":"2025-08-30T15:19:54","slug":"ensemble-de-8-palettes-de-soufflage-dentees-copy-3","status":"publish","type":"product","link":"https:\/\/www.ryagroparts.com\/fr\/produit\/ensemble-de-8-palettes-de-soufflage-dentees-copy-3\/","title":{"rendered":"Couteau s\u00e9rie 8"},"content":{"rendered":"<p data-start=\"500\" data-end=\"725\">Le <strong data-start=\"504\" data-end=\"537\">couteau universel CLAAS 9981021<\/strong> est une <strong data-start=\"556\" data-end=\"588\">pi\u00e8ce de rechange<\/strong> de rechange de haute qualit\u00e9 con\u00e7ue pour les ensileuses. Fabriqu\u00e9 en acier durable et r\u00e9sistant \u00e0 l\u2019usure, il assure d\u2019excellentes performances de coupe et une longue dur\u00e9e de vie. <\/p>\n<p data-start=\"727\" data-end=\"838\">Ce produit est <strong data-start=\"743\" data-end=\"786\">compatible avec les ensileuses CLAAS<\/strong> et fait r\u00e9f\u00e9rence aux <strong data-start=\"822\" data-end=\"835\">codes OEM<\/strong> suivants :<\/p>\n<ul data-start=\"839\" data-end=\"912\">\n<li data-start=\"839\" data-end=\"850\">\n<p data-start=\"841\" data-end=\"850\">9981021<\/p>\n<\/li>\n<li data-start=\"851\" data-end=\"862\">\n<p data-start=\"853\" data-end=\"862\">9846710<\/p>\n<\/li>\n<li data-start=\"863\" data-end=\"874\">\n<p data-start=\"865\" data-end=\"874\">9874410<\/p>\n<\/li>\n<li data-start=\"875\" data-end=\"886\">\n<p data-start=\"877\" data-end=\"886\">9981020<\/p>\n<\/li>\n<li data-start=\"887\" data-end=\"899\">\n<p data-start=\"889\" data-end=\"899\">26201860<\/p>\n<\/li>\n<li data-start=\"900\" data-end=\"912\">\n<p data-start=\"902\" data-end=\"912\">13186570<\/p>\n<\/li>\n<\/ul>\n<p data-start=\"914\" data-end=\"1086\">\u26a0\ufe0f <strong data-start=\"917\" data-end=\"926\">Remarque :<\/strong> CLAAS\u00ae est une marque d\u00e9pos\u00e9e. Les r\u00e9f\u00e9rences et les noms CLAAS ne sont utilis\u00e9s qu\u2019\u00e0 des fins de r\u00e9f\u00e9rence et de compatibilit\u00e9. Il ne s\u2019agit pas d\u2019une pi\u00e8ce d\u2019origine OEM.  <\/p>\n<p data-start=\"914\" data-end=\"1086\">Ce couteau universel CLAAS 9981021, \u00e9galement connu sous le nom de couteau 9981021 CLAAS ou de couteau d\u2019ensileuse CLAAS 9981021, est un remplacement durable sur le march\u00e9 des pi\u00e8ces de rechange.<\/p>\n<p><script src=\"chrome-extension:\/\/fpelahbljekknahkcaegamhcndkfpfnc\/iFrame.js\" type=\"text\/javascript\"><\/script><\/p>\n<p><script src=\"chrome-extension:\/\/fpelahbljekknahkcaegamhcndkfpfnc\/iFrame.js\" type=\"text\/javascript\"><\/script><\/p>\n<p><script src=\"chrome-extension:\/\/fpelahbljekknahkcaegamhcndkfpfnc\/iFrame.js\" type=\"text\/javascript\"><\/script><\/p>\n<p><script src=\"chrome-extension:\/\/fpelahbljekknahkcaegamhcndkfpfnc\/iFrame.js\" type=\"text\/javascript\"><\/script><\/p>\n<p><script src=\"chrome-extension:\/\/fpelahbljekknahkcaegamhcndkfpfnc\/iFrame.js\" type=\"text\/javascript\"><\/script><\/p>\n","protected":false},"excerpt":{"rendered":"<p>CLAAS 9981021 Universal Knife de remplacement pour ensileuses.<br \/>\nPi\u00e8ce de rechange, compatible avec les codes OEM 9981021, 9846710, 9874410, 9981020, 26201860, 13186570.<br \/>\n\u26a0 Remarque : CLAAS\u00ae est une marque d\u00e9pos\u00e9e. Les num\u00e9ros de pi\u00e8ce ne sont utilis\u00e9s qu\u2019\u00e0 des fins de r\u00e9f\u00e9rence et de compatibilit\u00e9. Il ne s\u2019agit pas d\u2019une pi\u00e8ce d\u2019origine OEM.  <\/p>\n<p><script src=\"chrome-extension:\/\/fpelahbljekknahkcaegamhcndkfpfnc\/iFrame.js\" type=\"text\/javascript\"><\/script><\/p>\n<p><script src=\"chrome-extension:\/\/fpelahbljekknahkcaegamhcndkfpfnc\/iFrame.js\" type=\"text\/javascript\"><\/script><\/p>\n<p><script src=\"chrome-extension:\/\/fpelahbljekknahkcaegamhcndkfpfnc\/iFrame.js\" type=\"text\/javascript\"><\/script><\/p>\n<p><script src=\"chrome-extension:\/\/fpelahbljekknahkcaegamhcndkfpfnc\/iFrame.js\" type=\"text\/javascript\"><\/script><\/p>\n<p><script src=\"chrome-extension:\/\/fpelahbljekknahkcaegamhcndkfpfnc\/iFrame.js\" type=\"text\/javascript\"><\/script><\/p>\n<p><script src=\"chrome-extension:\/\/fpelahbljekknahkcaegamhcndkfpfnc\/iFrame.js\" type=\"text\/javascript\"><\/script><\/p>\n","protected":false},"featured_media":2944,"comment_status":"open","ping_status":"closed","template":"","meta":{"_acf_changed":false},"product_brand":[],"product_cat":[83,66],"product_tag":[],"class_list":{"0":"post-2909","1":"product","2":"type-product","3":"status-publish","4":"has-post-thumbnail","6":"product_cat-claas-fr","7":"product_cat-non-categorise","9":"first","10":"instock","11":"shipping-taxable","12":"product-type-simple"},"acf":[],"_links":{"self":[{"href":"https:\/\/www.ryagroparts.com\/fr\/wp-json\/wp\/v2\/product\/2909","targetHints":{"allow":["GET"]}}],"collection":[{"href":"https:\/\/www.ryagroparts.com\/fr\/wp-json\/wp\/v2\/product"}],"about":[{"href":"https:\/\/www.ryagroparts.com\/fr\/wp-json\/wp\/v2\/types\/product"}],"replies":[{"embeddable":true,"href":"https:\/\/www.ryagroparts.com\/fr\/wp-json\/wp\/v2\/comments?post=2909"}],"version-history":[{"count":8,"href":"https:\/\/www.ryagroparts.com\/fr\/wp-json\/wp\/v2\/product\/2909\/revisions"}],"predecessor-version":[{"id":2967,"href":"https:\/\/www.ryagroparts.com\/fr\/wp-json\/wp\/v2\/product\/2909\/revisions\/2967"}],"wp:featuredmedia":[{"embeddable":true,"href":"https:\/\/www.ryagroparts.com\/fr\/wp-json\/wp\/v2\/media\/2944"}],"wp:attachment":[{"href":"https:\/\/www.ryagroparts.com\/fr\/wp-json\/wp\/v2\/media?parent=2909"}],"wp:term":[{"taxonomy":"product_brand","embeddable":true,"href":"https:\/\/www.ryagroparts.com\/fr\/wp-json\/wp\/v2\/product_brand?post=2909"},{"taxonomy":"product_cat","embeddable":true,"href":"https:\/\/www.ryagroparts.com\/fr\/wp-json\/wp\/v2\/product_cat?post=2909"},{"taxonomy":"product_tag","embeddable":true,"href":"https:\/\/www.ryagroparts.com\/fr\/wp-json\/wp\/v2\/product_tag?post=2909"}],"curies":[{"name":"wp","href":"https:\/\/api.w.org\/{rel}","templated":true}]}}