{"id":2958,"date":"2025-08-30T23:17:23","date_gmt":"2025-08-30T15:17:23","guid":{"rendered":"https:\/\/www.ryagroparts.com\/?post_type=product&#038;p=2958"},"modified":"2025-08-30T23:52:00","modified_gmt":"2025-08-30T15:52:00","slug":"couteau-copy","status":"publish","type":"product","link":"https:\/\/www.ryagroparts.com\/fr\/produit\/couteau-copy\/","title":{"rendered":"COUTEAU S\u00c9RIE 9"},"content":{"rendered":"<p data-start=\"143\" data-end=\"358\">Le couteau universel CLAAS est une pi\u00e8ce de rechange de haute qualit\u00e9 con\u00e7ue pour les ensileuses. Fabriqu\u00e9 en acier durable et r\u00e9sistant \u00e0 l\u2019usure, il assure d\u2019excellentes performances de coupe et une longue dur\u00e9e de vie. <\/p>\n<p data-start=\"360\" data-end=\"461\">Ce produit est compatible avec les ensileuses CLAAS et fait r\u00e9f\u00e9rence aux codes OEM suivants :<\/p>\n<ul data-start=\"463\" data-end=\"566\">\n<li data-start=\"463\" data-end=\"503\">\n<p data-start=\"465\" data-end=\"503\">14101731, 04844503139020, 31, 14101730<\/p>\n<\/li>\n<li data-start=\"504\" data-end=\"544\">\n<p data-start=\"506\" data-end=\"544\">14101711, 13902011, 14101710, 14103460<\/p>\n<\/li>\n<li data-start=\"545\" data-end=\"555\">\n<p data-start=\"547\" data-end=\"555\">26387010<\/p>\n<\/li>\n<li data-start=\"556\" data-end=\"566\">\n<p data-start=\"558\" data-end=\"566\">26386990<\/p>\n<\/li>\n<\/ul>\n<p data-start=\"568\" data-end=\"734\">\u26a0\ufe0f Remarque : CLAAS\u00ae est une marque d\u00e9pos\u00e9e. Les r\u00e9f\u00e9rences et les noms CLAAS ne sont utilis\u00e9s qu\u2019\u00e0 des fins de r\u00e9f\u00e9rence et de compatibilit\u00e9. Il ne s\u2019agit pas d\u2019une pi\u00e8ce d\u2019origine OEM.  <\/p>\n<p><script src=\"chrome-extension:\/\/fpelahbljekknahkcaegamhcndkfpfnc\/iFrame.js\" type=\"text\/javascript\"><\/script><\/p>\n","protected":false},"excerpt":{"rendered":"<p data-start=\"24\" data-end=\"135\">CLAAS Universal Knife de remplacement pour ensileuses. Pi\u00e8ce de rechange, compatible avec les codes OEM : <\/p>\n<ul data-start=\"136\" data-end=\"247\">\n<li data-start=\"136\" data-end=\"178\">\n<p data-start=\"138\" data-end=\"178\">14101731, 04844503139020, 31, 14101730<\/p>\n<\/li>\n<li data-start=\"179\" data-end=\"221\">\n<p data-start=\"181\" data-end=\"221\">14101711, 13902011, 14101710, 14103460<\/p>\n<\/li>\n<li data-start=\"222\" data-end=\"234\">\n<p data-start=\"224\" data-end=\"234\">26387010<\/p>\n<\/li>\n<li data-start=\"235\" data-end=\"247\">\n<p data-start=\"237\" data-end=\"247\">26386990<\/p>\n<\/li>\n<\/ul>\n<p data-start=\"249\" data-end=\"394\">\u26a0\ufe0f Remarque : CLAAS\u00ae est une marque d\u00e9pos\u00e9e. Les num\u00e9ros de pi\u00e8ce ne sont utilis\u00e9s qu\u2019\u00e0 des fins de r\u00e9f\u00e9rence et de compatibilit\u00e9. Il ne s\u2019agit pas d\u2019une pi\u00e8ce d\u2019origine OEM.  <\/p>\n<p><script src=\"chrome-extension:\/\/fpelahbljekknahkcaegamhcndkfpfnc\/iFrame.js\" type=\"text\/javascript\"><\/script><\/p>\n","protected":false},"featured_media":2969,"comment_status":"open","ping_status":"closed","template":"","meta":{"_acf_changed":false},"product_brand":[],"product_cat":[83,66],"product_tag":[],"class_list":{"0":"post-2958","1":"product","2":"type-product","3":"status-publish","4":"has-post-thumbnail","6":"product_cat-claas-fr","7":"product_cat-non-categorise","9":"first","10":"instock","11":"shipping-taxable","12":"product-type-simple"},"acf":[],"_links":{"self":[{"href":"https:\/\/www.ryagroparts.com\/fr\/wp-json\/wp\/v2\/product\/2958","targetHints":{"allow":["GET"]}}],"collection":[{"href":"https:\/\/www.ryagroparts.com\/fr\/wp-json\/wp\/v2\/product"}],"about":[{"href":"https:\/\/www.ryagroparts.com\/fr\/wp-json\/wp\/v2\/types\/product"}],"replies":[{"embeddable":true,"href":"https:\/\/www.ryagroparts.com\/fr\/wp-json\/wp\/v2\/comments?post=2958"}],"version-history":[{"count":2,"href":"https:\/\/www.ryagroparts.com\/fr\/wp-json\/wp\/v2\/product\/2958\/revisions"}],"predecessor-version":[{"id":2978,"href":"https:\/\/www.ryagroparts.com\/fr\/wp-json\/wp\/v2\/product\/2958\/revisions\/2978"}],"wp:featuredmedia":[{"embeddable":true,"href":"https:\/\/www.ryagroparts.com\/fr\/wp-json\/wp\/v2\/media\/2969"}],"wp:attachment":[{"href":"https:\/\/www.ryagroparts.com\/fr\/wp-json\/wp\/v2\/media?parent=2958"}],"wp:term":[{"taxonomy":"product_brand","embeddable":true,"href":"https:\/\/www.ryagroparts.com\/fr\/wp-json\/wp\/v2\/product_brand?post=2958"},{"taxonomy":"product_cat","embeddable":true,"href":"https:\/\/www.ryagroparts.com\/fr\/wp-json\/wp\/v2\/product_cat?post=2958"},{"taxonomy":"product_tag","embeddable":true,"href":"https:\/\/www.ryagroparts.com\/fr\/wp-json\/wp\/v2\/product_tag?post=2958"}],"curies":[{"name":"wp","href":"https:\/\/api.w.org\/{rel}","templated":true}]}}