{"id":2996,"date":"2025-08-31T00:19:06","date_gmt":"2025-08-30T16:19:06","guid":{"rendered":"https:\/\/www.ryagroparts.com\/?post_type=product&#038;p=2996"},"modified":"2025-08-31T00:30:14","modified_gmt":"2025-08-30T16:30:14","slug":"couteau-copy-2","status":"publish","type":"product","link":"https:\/\/www.ryagroparts.com\/fr\/produit\/couteau-copy-2\/","title":{"rendered":"Couteau"},"content":{"rendered":"<p data-start=\"34\" data-end=\"237\"><img fetchpriority=\"high\" decoding=\"async\" class=\"alignnone size-medium wp-image-2998\" src=\"https:\/\/www.ryagroparts.com\/wp-content\/uploads\/2025\/08\/Nweholland-Forage-Harvester-GrassKnife-300x300.png\" alt=\"\" width=\"300\" height=\"300\" title=\"\" srcset=\"https:\/\/www.ryagroparts.com\/wp-content\/uploads\/2025\/08\/Nweholland-Forage-Harvester-GrassKnife-300x300.png 300w, https:\/\/www.ryagroparts.com\/wp-content\/uploads\/2025\/08\/Nweholland-Forage-Harvester-GrassKnife-1024x1024.png 1024w, https:\/\/www.ryagroparts.com\/wp-content\/uploads\/2025\/08\/Nweholland-Forage-Harvester-GrassKnife-150x150.png 150w, https:\/\/www.ryagroparts.com\/wp-content\/uploads\/2025\/08\/Nweholland-Forage-Harvester-GrassKnife-768x768.png 768w, https:\/\/www.ryagroparts.com\/wp-content\/uploads\/2025\/08\/Nweholland-Forage-Harvester-GrassKnife-600x600.png 600w, https:\/\/www.ryagroparts.com\/wp-content\/uploads\/2025\/08\/Nweholland-Forage-Harvester-GrassKnife-100x100.png 100w, https:\/\/www.ryagroparts.com\/wp-content\/uploads\/2025\/08\/Nweholland-Forage-Harvester-GrassKnife.png 1440w\" sizes=\"(max-width: 300px) 100vw, 300px\" \/><\/p>\n<p data-start=\"34\" data-end=\"237\">La <strong data-start=\"38\" data-end=\"71\">pi\u00e8ce de rechange<\/strong> pour couteau \u00e0 herbe d\u2019ensileuse Newholland est un produit de rechange de haute qualit\u00e9 con\u00e7u pour Newholland. Fabriqu\u00e9 \u00e0 partir de mat\u00e9riaux durables et fiables, il garantit d\u2019excellentes performances et une longue dur\u00e9e de vie. <\/p>\n<p data-start=\"239\" data-end=\"342\">Ce produit est compatible avecles machines \u00e0 couteaux \u00e0 herbe Newholland Forage Harvester et fait r\u00e9f\u00e9rence aux codes OEM suivants :<\/p>\n<ul data-start=\"344\" data-end=\"388\">\n<li data-start=\"344\" data-end=\"358\">\n<p data-start=\"346\" data-end=\"358\">87493529, 84450407, 87493529, 87497621, 87599293<\/p>\n<\/li>\n<li data-start=\"359\" data-end=\"373\">\n<p data-start=\"361\" data-end=\"373\">87493528, 84450406, 87493529, 87598346, 87497622, 87599294<\/p>\n<\/li>\n<li data-start=\"359\" data-end=\"373\">87494400, 87494401, 84450404, 87598340<\/li>\n<li data-start=\"359\" data-end=\"373\">87494401, 84450405, 87494401, 87598340<\/li>\n<\/ul>\n<p data-start=\"390\" data-end=\"532\">\u26a0\ufe0f <strong data-start=\"393\" data-end=\"401\">Remarque<\/strong> : [Newholland] \u00ae est une marque d\u00e9pos\u00e9e. Les num\u00e9ros de pi\u00e8ce sont fournis \u00e0 titre indicatif et de compatibilit\u00e9 uniquement. Il ne s\u2019agit pas d\u2019une pi\u00e8ce d\u2019origine OEM.  <\/p>\n<p>&nbsp;<\/p>\n<p><script src=\"chrome-extension:\/\/fpelahbljekknahkcaegamhcndkfpfnc\/iFrame.js\" type=\"text\/javascript\"><\/script><\/p>\n<p><script src=\"chrome-extension:\/\/fpelahbljekknahkcaegamhcndkfpfnc\/iFrame.js\" type=\"text\/javascript\"><\/script><\/p>\n","protected":false},"excerpt":{"rendered":"<p data-start=\"34\" data-end=\"237\">La <strong data-start=\"38\" data-end=\"71\">pi\u00e8ce de rechange<\/strong> pour couteau \u00e0 herbe d\u2019ensileuse Newholland est un produit de rechange de haute qualit\u00e9 con\u00e7u pour Newholland. Fabriqu\u00e9 \u00e0 partir de mat\u00e9riaux durables et fiables, il garantit d\u2019excellentes performances et une longue dur\u00e9e de vie. <\/p>\n<p data-start=\"239\" data-end=\"342\">Ce produit est compatible avecles machines \u00e0 couteaux \u00e0 herbe Newholland Forage Harvester et fait r\u00e9f\u00e9rence aux codes OEM suivants :<\/p>\n<ul data-start=\"344\" data-end=\"388\">\n<li data-start=\"344\" data-end=\"358\">\n<p data-start=\"346\" data-end=\"358\">87493529, 84450407, 87493529, 87497621, 87599293<\/p>\n<\/li>\n<li data-start=\"359\" data-end=\"373\">\n<p data-start=\"361\" data-end=\"373\">87493528, 84450406, 87493529, 87598346, 87497622, 87599294<\/p>\n<\/li>\n<li data-start=\"359\" data-end=\"373\">87494400, 87494401, 84450404, 87598340<\/li>\n<li data-start=\"359\" data-end=\"373\">87494401, 84450405, 87494401, 87598340<\/li>\n<\/ul>\n<p data-start=\"390\" data-end=\"532\">\u26a0\ufe0f <strong data-start=\"393\" data-end=\"401\">Remarque<\/strong> : [Newholland] \u00ae est une marque d\u00e9pos\u00e9e. Les num\u00e9ros de pi\u00e8ce sont fournis \u00e0 titre indicatif et de compatibilit\u00e9 uniquement. Il ne s\u2019agit pas d\u2019une pi\u00e8ce d\u2019origine OEM.  <\/p>\n<p><script src=\"chrome-extension:\/\/fpelahbljekknahkcaegamhcndkfpfnc\/iFrame.js\" type=\"text\/javascript\"><\/script><\/p>\n<p data-start=\"34\" data-end=\"237\"><script src=\"chrome-extension:\/\/fpelahbljekknahkcaegamhcndkfpfnc\/iFrame.js\" type=\"text\/javascript\"><\/script><\/p>\n<p><script src=\"chrome-extension:\/\/fpelahbljekknahkcaegamhcndkfpfnc\/iFrame.js\" type=\"text\/javascript\"><\/script><\/p>\n","protected":false},"featured_media":2999,"comment_status":"open","ping_status":"closed","template":"","meta":{"_acf_changed":false},"product_brand":[],"product_cat":[94,66],"product_tag":[],"class_list":{"0":"post-2996","1":"product","2":"type-product","3":"status-publish","4":"has-post-thumbnail","6":"product_cat-nouvelle-hollande","7":"product_cat-non-categorise","9":"first","10":"instock","11":"shipping-taxable","12":"product-type-simple"},"acf":[],"_links":{"self":[{"href":"https:\/\/www.ryagroparts.com\/fr\/wp-json\/wp\/v2\/product\/2996","targetHints":{"allow":["GET"]}}],"collection":[{"href":"https:\/\/www.ryagroparts.com\/fr\/wp-json\/wp\/v2\/product"}],"about":[{"href":"https:\/\/www.ryagroparts.com\/fr\/wp-json\/wp\/v2\/types\/product"}],"replies":[{"embeddable":true,"href":"https:\/\/www.ryagroparts.com\/fr\/wp-json\/wp\/v2\/comments?post=2996"}],"version-history":[{"count":3,"href":"https:\/\/www.ryagroparts.com\/fr\/wp-json\/wp\/v2\/product\/2996\/revisions"}],"predecessor-version":[{"id":3012,"href":"https:\/\/www.ryagroparts.com\/fr\/wp-json\/wp\/v2\/product\/2996\/revisions\/3012"}],"wp:featuredmedia":[{"embeddable":true,"href":"https:\/\/www.ryagroparts.com\/fr\/wp-json\/wp\/v2\/media\/2999"}],"wp:attachment":[{"href":"https:\/\/www.ryagroparts.com\/fr\/wp-json\/wp\/v2\/media?parent=2996"}],"wp:term":[{"taxonomy":"product_brand","embeddable":true,"href":"https:\/\/www.ryagroparts.com\/fr\/wp-json\/wp\/v2\/product_brand?post=2996"},{"taxonomy":"product_cat","embeddable":true,"href":"https:\/\/www.ryagroparts.com\/fr\/wp-json\/wp\/v2\/product_cat?post=2996"},{"taxonomy":"product_tag","embeddable":true,"href":"https:\/\/www.ryagroparts.com\/fr\/wp-json\/wp\/v2\/product_tag?post=2996"}],"curies":[{"name":"wp","href":"https:\/\/api.w.org\/{rel}","templated":true}]}}