{"id":4954,"date":"2025-10-07T07:25:26","date_gmt":"2025-10-06T23:25:26","guid":{"rendered":"https:\/\/www.ryagroparts.com\/?post_type=product&#038;p=4954"},"modified":"2025-10-07T07:31:08","modified_gmt":"2025-10-06T23:31:08","slug":"doffer-lateral-rh-copy","status":"publish","type":"product","link":"https:\/\/www.ryagroparts.com\/fr\/produit\/doffer-lateral-rh-copy\/","title":{"rendered":"460 unit\u00e9s de r\u00e9colte rotatives points de s\u00e9paration LH"},"content":{"rendered":"<p data-start=\"34\" data-end=\"237\">La <strong data-start=\"38\" data-end=\"71\">pi\u00e8ce de rechange<\/strong> Champion 460 Rotary Harvesting Unit Divider Points LH est un produit de rechange de haute qualit\u00e9 con\u00e7u pour Champion. Fabriqu\u00e9 \u00e0 partir de mat\u00e9riaux durables et fiables, il garantit d\u2019excellentes performances et une longue dur\u00e9e de vie. <\/p>\n<p data-start=\"239\" data-end=\"342\">Ce produit est compatible avec les machines Champion 460 Rotary Harvesting Unit Divider Points LH Plate et fait r\u00e9f\u00e9rence aux codes OEM suivants :<\/p>\n<ul data-start=\"344\" data-end=\"388\">\n<li data-start=\"344\" data-end=\"358\">LCA97977<\/li>\n<\/ul>\n<p data-start=\"390\" data-end=\"532\">\u26a0\ufe0f <strong data-start=\"393\" data-end=\"401\">Remarque<\/strong> : [Champion] \u00ae est une marque d\u00e9pos\u00e9e. Les num\u00e9ros de pi\u00e8ce sont fournis \u00e0 titre indicatif et de compatibilit\u00e9 uniquement. Il ne s\u2019agit pas d\u2019une pi\u00e8ce d\u2019origine OEM.  <\/p>\n<p><script src=\"chrome-extension:\/\/fpelahbljekknahkcaegamhcndkfpfnc\/iFrame.js\" type=\"text\/javascript\"><\/script><\/p>\n<p><script src=\"chrome-extension:\/\/fpelahbljekknahkcaegamhcndkfpfnc\/iFrame.js\" type=\"text\/javascript\"><\/script><\/p>\n","protected":false},"excerpt":{"rendered":"<p data-start=\"34\" data-end=\"237\">La <strong data-start=\"38\" data-end=\"71\">pi\u00e8ce de rechange<\/strong> Champion 460 Rotary Harvesting Unit Divider Points LH est un produit de rechange de haute qualit\u00e9 con\u00e7u pour Champion. Fabriqu\u00e9 \u00e0 partir de mat\u00e9riaux durables et fiables, il garantit d\u2019excellentes performances et une longue dur\u00e9e de vie. <\/p>\n<p data-start=\"239\" data-end=\"342\">Ce produit est compatible avec les machines Champion 460 Rotary Harvesting Unit Divider Points LH Plate et fait r\u00e9f\u00e9rence aux codes OEM suivants :<\/p>\n<ul data-start=\"344\" data-end=\"388\">\n<li data-start=\"344\" data-end=\"358\">LCA97977<\/li>\n<\/ul>\n<p data-start=\"390\" data-end=\"532\">\u26a0\ufe0f <strong data-start=\"393\" data-end=\"401\">Remarque<\/strong> : [Champion] \u00ae est une marque d\u00e9pos\u00e9e. Les num\u00e9ros de pi\u00e8ce sont fournis \u00e0 titre indicatif et de compatibilit\u00e9 uniquement. Il ne s\u2019agit pas d\u2019une pi\u00e8ce d\u2019origine OEM.  <\/p>\n<p><script src=\"chrome-extension:\/\/fpelahbljekknahkcaegamhcndkfpfnc\/iFrame.js\" type=\"text\/javascript\"><\/script><\/p>\n<p><script src=\"chrome-extension:\/\/fpelahbljekknahkcaegamhcndkfpfnc\/iFrame.js\" type=\"text\/javascript\"><\/script><\/p>\n","protected":false},"featured_media":4957,"comment_status":"open","ping_status":"closed","template":"","meta":{"_acf_changed":false},"product_brand":[],"product_cat":[100,66],"product_tag":[],"class_list":{"0":"post-4954","1":"product","2":"type-product","3":"status-publish","4":"has-post-thumbnail","6":"product_cat-champion-en-tete","7":"product_cat-non-categorise","9":"first","10":"instock","11":"shipping-taxable","12":"product-type-simple"},"acf":[],"_links":{"self":[{"href":"https:\/\/www.ryagroparts.com\/fr\/wp-json\/wp\/v2\/product\/4954","targetHints":{"allow":["GET"]}}],"collection":[{"href":"https:\/\/www.ryagroparts.com\/fr\/wp-json\/wp\/v2\/product"}],"about":[{"href":"https:\/\/www.ryagroparts.com\/fr\/wp-json\/wp\/v2\/types\/product"}],"replies":[{"embeddable":true,"href":"https:\/\/www.ryagroparts.com\/fr\/wp-json\/wp\/v2\/comments?post=4954"}],"version-history":[{"count":3,"href":"https:\/\/www.ryagroparts.com\/fr\/wp-json\/wp\/v2\/product\/4954\/revisions"}],"predecessor-version":[{"id":4974,"href":"https:\/\/www.ryagroparts.com\/fr\/wp-json\/wp\/v2\/product\/4954\/revisions\/4974"}],"wp:featuredmedia":[{"embeddable":true,"href":"https:\/\/www.ryagroparts.com\/fr\/wp-json\/wp\/v2\/media\/4957"}],"wp:attachment":[{"href":"https:\/\/www.ryagroparts.com\/fr\/wp-json\/wp\/v2\/media?parent=4954"}],"wp:term":[{"taxonomy":"product_brand","embeddable":true,"href":"https:\/\/www.ryagroparts.com\/fr\/wp-json\/wp\/v2\/product_brand?post=4954"},{"taxonomy":"product_cat","embeddable":true,"href":"https:\/\/www.ryagroparts.com\/fr\/wp-json\/wp\/v2\/product_cat?post=4954"},{"taxonomy":"product_tag","embeddable":true,"href":"https:\/\/www.ryagroparts.com\/fr\/wp-json\/wp\/v2\/product_tag?post=4954"}],"curies":[{"name":"wp","href":"https:\/\/api.w.org\/{rel}","templated":true}]}}