{"id":5954,"date":"2025-10-08T04:07:42","date_gmt":"2025-10-07T20:07:42","guid":{"rendered":"https:\/\/www.ryagroparts.com\/?post_type=product&#038;p=5954"},"modified":"2025-10-08T04:10:01","modified_gmt":"2025-10-07T20:10:01","slug":"carter-de-boite-de-vitesses-copy-2","status":"publish","type":"product","link":"https:\/\/www.ryagroparts.com\/fr\/produit\/carter-de-boite-de-vitesses-copy-2\/","title":{"rendered":"Courroie de rouleau d\u2019alimentation2 3 4 rainure"},"content":{"rendered":"<p data-start=\"34\" data-end=\"237\">La <strong data-start=\"38\" data-end=\"71\">pi\u00e8ce de rechange<\/strong> Claas Feed Roll Belt2 3 4 Groove est un produit de rechange de haute qualit\u00e9 con\u00e7u pour Claas. Fabriqu\u00e9 \u00e0 partir de mat\u00e9riaux durables et fiables, il garantit d\u2019excellentes performances et une longue dur\u00e9e de vie. <\/p>\n<p data-start=\"239\" data-end=\"342\">Ce produit est compatible avec les machines Claas Feed Roll Belt2 3 4 Groove Plate et fait r\u00e9f\u00e9rence aux codes OEM suivants :<\/p>\n<ul data-start=\"344\" data-end=\"388\">\n<li data-start=\"344\" data-end=\"358\">\n<p data-start=\"346\" data-end=\"358\">9848851<\/p>\n<\/li>\n<li data-start=\"344\" data-end=\"358\">\n<p data-start=\"346\" data-end=\"358\">9848850<\/p>\n<\/li>\n<li data-start=\"344\" data-end=\"358\">\n<p data-start=\"346\" data-end=\"358\">732030<\/p>\n<\/li>\n<li data-start=\"344\" data-end=\"358\">\n<p data-start=\"346\" data-end=\"358\">9411490<\/p>\n<\/li>\n<li data-start=\"344\" data-end=\"358\">\n<p data-start=\"346\" data-end=\"358\">1424202<\/p>\n<\/li>\n<li data-start=\"344\" data-end=\"358\">\n<p data-start=\"346\" data-end=\"358\">6297691<\/p>\n<\/li>\n<li data-start=\"344\" data-end=\"358\">\n<p data-start=\"346\" data-end=\"358\">1423207<\/p>\n<\/li>\n<\/ul>\n<p data-start=\"390\" data-end=\"532\">\u26a0\ufe0f <strong data-start=\"393\" data-end=\"401\">Remarque<\/strong> : [Claas] \u00ae est une marque d\u00e9pos\u00e9e. Les num\u00e9ros de pi\u00e8ce sont fournis \u00e0 titre indicatif et de compatibilit\u00e9 uniquement. Il ne s\u2019agit pas d\u2019une pi\u00e8ce d\u2019origine OEM.  <\/p>\n<p><script src=\"chrome-extension:\/\/fpelahbljekknahkcaegamhcndkfpfnc\/iFrame.js\" type=\"text\/javascript\"><\/script><\/p>\n","protected":false},"excerpt":{"rendered":"<p data-start=\"34\" data-end=\"237\">La <strong data-start=\"38\" data-end=\"71\">pi\u00e8ce de rechange<\/strong> Claas Feed Roll Belt2 3 4 Groove est un produit de rechange de haute qualit\u00e9 con\u00e7u pour Claas. Fabriqu\u00e9 \u00e0 partir de mat\u00e9riaux durables et fiables, il garantit d\u2019excellentes performances et une longue dur\u00e9e de vie. <\/p>\n<p data-start=\"239\" data-end=\"342\">Ce produit est compatible avec les machines Claas Feed Roll Belt2 3 4 Groove Plate et fait r\u00e9f\u00e9rence aux codes OEM suivants :<\/p>\n<ul data-start=\"344\" data-end=\"388\">\n<li data-start=\"344\" data-end=\"358\">\n<p data-start=\"346\" data-end=\"358\">9848851<\/p>\n<\/li>\n<li data-start=\"344\" data-end=\"358\">\n<p data-start=\"346\" data-end=\"358\">9848850<\/p>\n<\/li>\n<li data-start=\"344\" data-end=\"358\">\n<p data-start=\"346\" data-end=\"358\">732030<\/p>\n<\/li>\n<li data-start=\"344\" data-end=\"358\">\n<p data-start=\"346\" data-end=\"358\">9411490<\/p>\n<\/li>\n<li data-start=\"344\" data-end=\"358\">\n<p data-start=\"346\" data-end=\"358\">1424202<\/p>\n<\/li>\n<li data-start=\"344\" data-end=\"358\">\n<p data-start=\"346\" data-end=\"358\">6297691<\/p>\n<\/li>\n<li data-start=\"344\" data-end=\"358\">\n<p data-start=\"346\" data-end=\"358\">1423207<\/p>\n<\/li>\n<\/ul>\n<p data-start=\"390\" data-end=\"532\">\u26a0\ufe0f <strong data-start=\"393\" data-end=\"401\">Remarque<\/strong> : [Claas] \u00ae est une marque d\u00e9pos\u00e9e. Les num\u00e9ros de pi\u00e8ce sont fournis \u00e0 titre indicatif et de compatibilit\u00e9 uniquement. Il ne s\u2019agit pas d\u2019une pi\u00e8ce d\u2019origine OEM.  <\/p>\n<p><script src=\"chrome-extension:\/\/fpelahbljekknahkcaegamhcndkfpfnc\/iFrame.js\" type=\"text\/javascript\"><\/script><\/p>\n","protected":false},"featured_media":5957,"comment_status":"open","ping_status":"closed","template":"","meta":{"_acf_changed":false},"product_brand":[],"product_cat":[83,66],"product_tag":[],"class_list":{"0":"post-5954","1":"product","2":"type-product","3":"status-publish","4":"has-post-thumbnail","6":"product_cat-claas-fr","7":"product_cat-non-categorise","9":"first","10":"instock","11":"shipping-taxable","12":"product-type-simple"},"acf":[],"_links":{"self":[{"href":"https:\/\/www.ryagroparts.com\/fr\/wp-json\/wp\/v2\/product\/5954","targetHints":{"allow":["GET"]}}],"collection":[{"href":"https:\/\/www.ryagroparts.com\/fr\/wp-json\/wp\/v2\/product"}],"about":[{"href":"https:\/\/www.ryagroparts.com\/fr\/wp-json\/wp\/v2\/types\/product"}],"replies":[{"embeddable":true,"href":"https:\/\/www.ryagroparts.com\/fr\/wp-json\/wp\/v2\/comments?post=5954"}],"version-history":[{"count":2,"href":"https:\/\/www.ryagroparts.com\/fr\/wp-json\/wp\/v2\/product\/5954\/revisions"}],"predecessor-version":[{"id":5965,"href":"https:\/\/www.ryagroparts.com\/fr\/wp-json\/wp\/v2\/product\/5954\/revisions\/5965"}],"wp:featuredmedia":[{"embeddable":true,"href":"https:\/\/www.ryagroparts.com\/fr\/wp-json\/wp\/v2\/media\/5957"}],"wp:attachment":[{"href":"https:\/\/www.ryagroparts.com\/fr\/wp-json\/wp\/v2\/media?parent=5954"}],"wp:term":[{"taxonomy":"product_brand","embeddable":true,"href":"https:\/\/www.ryagroparts.com\/fr\/wp-json\/wp\/v2\/product_brand?post=5954"},{"taxonomy":"product_cat","embeddable":true,"href":"https:\/\/www.ryagroparts.com\/fr\/wp-json\/wp\/v2\/product_cat?post=5954"},{"taxonomy":"product_tag","embeddable":true,"href":"https:\/\/www.ryagroparts.com\/fr\/wp-json\/wp\/v2\/product_tag?post=5954"}],"curies":[{"name":"wp","href":"https:\/\/api.w.org\/{rel}","templated":true}]}}